{"id":7,"date":"2009-06-02T15:55:09","date_gmt":"2009-06-02T13:55:09","guid":{"rendered":"http:\/\/www.jazsemgong.com\/jazsemgong\/gong\/gong\/?page_id=7"},"modified":"2024-02-18T14:32:46","modified_gmt":"2024-02-18T12:32:46","slug":"glasbila","status":"publish","type":"page","link":"http:\/\/www.jazsemgong.com\/jazsemgong\/gong\/ita\/glasbila\/","title":{"rendered":"Video"},"content":{"rendered":"<p><img decoding=\"async\" loading=\"lazy\" class=\"aligncenter size-full wp-image-3850\" src=\"http:\/\/www.jazsemgong.com\/jazsemgong\/gong\/ita\/wp-content\/uploads\/OM-JAZSEMGONG-75.jpg\" alt=\"OM-JAZSEMGONG-75\" width=\"75\" height=\"75\" \/><\/p>\n<h4 style=\"text-align: center;\"><span style=\"color: #800000;\">17.2.2024<\/span><\/h4>\n<h3 style=\"text-align: center;\"><span style=\"color: #800000;\">Dopo 16 anni trascorsi a suonare Flumie \u00a8TTE Konklang\u00a8, ci aspetta un periodo in cui conosceremo suoni e vibrazioni completamente diversi dai Flumie \u00a8B Love\u00a8 dalla Gran Bretagna. Differiscono per dimensione (diametro), materiale e spessore della bacchetta, e soprattutto per il modo di suonare. Ecco perch\u00e9 posso dire che una nuova era per conoscere i suoni \u00e8 davanti a noi, perch\u00e9 proprio questo \u00e8 ci\u00f2 che \u00e8 molto interessante nei Gong e nei Flumi, che la conoscenza di nuovi suoni non finisce mai. Grazie per aver preso parte a questo viaggio.<\/span><\/h3>\n<p><iframe loading=\"lazy\" title=\"YouTube video player\" src=\"https:\/\/www.youtube.com\/embed\/ViBUz8n4kWM?si=sQWYUmYbN-xqE7Ju\" width=\"650\" height=\"400\" frameborder=\"0\" allowfullscreen=\"allowfullscreen\"><\/iframe><\/p>\n<p><img decoding=\"async\" loading=\"lazy\" class=\"aligncenter size-full wp-image-3850\" src=\"http:\/\/www.jazsemgong.com\/jazsemgong\/gong\/ita\/wp-content\/uploads\/OM-JAZSEMGONG-75.jpg\" alt=\"OM-JAZSEMGONG-75\" width=\"75\" height=\"75\" \/> <iframe loading=\"lazy\" src=\"https:\/\/www.youtube.com\/embed\/Bt7sIJAa00o\" width=\"650\" height=\"300\" frameborder=\"0\" allowfullscreen=\"allowfullscreen\"><\/iframe><br \/>\n<img decoding=\"async\" loading=\"lazy\" class=\"aligncenter size-full wp-image-3850\" src=\"http:\/\/www.jazsemgong.com\/jazsemgong\/gong\/ita\/wp-content\/uploads\/OM-JAZSEMGONG-75.jpg\" alt=\"OM-JAZSEMGONG-75\" width=\"75\" height=\"75\" \/> <iframe loading=\"lazy\" src=\"https:\/\/www.youtube.com\/embed\/fPiuPNUE0nE\" width=\"650\" height=\"300\" frameborder=\"0\" allowfullscreen=\"allowfullscreen\"><\/iframe><br \/>\n<img decoding=\"async\" loading=\"lazy\" class=\"aligncenter size-full wp-image-3850\" src=\"http:\/\/www.jazsemgong.com\/jazsemgong\/gong\/ita\/wp-content\/uploads\/OM-JAZSEMGONG-75.jpg\" alt=\"OM-JAZSEMGONG-75\" width=\"75\" height=\"75\" \/> <iframe loading=\"lazy\" src=\"\/\/www.youtube.com\/embed\/u-4uxUM-z94\" width=\"650\" height=\"300\" frameborder=\"0\" allowfullscreen=\"allowfullscreen\"><\/iframe><br \/>\n<img decoding=\"async\" loading=\"lazy\" class=\"aligncenter size-full wp-image-3850\" src=\"http:\/\/www.jazsemgong.com\/jazsemgong\/gong\/ita\/wp-content\/uploads\/OM-JAZSEMGONG-75.jpg\" alt=\"OM-JAZSEMGONG-75\" width=\"75\" height=\"75\" \/> <iframe loading=\"lazy\" src=\"\/\/www.youtube.com\/embed\/b1FOingt-LA\" width=\"650\" height=\"300\" frameborder=\"0\" allowfullscreen=\"allowfullscreen\"><\/iframe><br \/>\n<img decoding=\"async\" loading=\"lazy\" class=\"aligncenter size-full wp-image-3850\" src=\"http:\/\/www.jazsemgong.com\/jazsemgong\/gong\/ita\/wp-content\/uploads\/OM-JAZSEMGONG-75.jpg\" alt=\"OM-JAZSEMGONG-75\" width=\"75\" height=\"75\" \/><iframe loading=\"lazy\" src=\"\/\/www.youtube.com\/embed\/wjSrwSI5P4I\" width=\"650\" height=\"300\" frameborder=\"0\" allowfullscreen=\"allowfullscreen\"><\/iframe><br \/>\n<img decoding=\"async\" loading=\"lazy\" class=\"aligncenter size-full wp-image-3850\" src=\"http:\/\/www.jazsemgong.com\/jazsemgong\/gong\/ita\/wp-content\/uploads\/OM-JAZSEMGONG-75.jpg\" alt=\"OM-JAZSEMGONG-75\" width=\"75\" height=\"75\" \/><iframe loading=\"lazy\" src=\"\/\/www.youtube.com\/embed\/_-6eBgiLy4I\" width=\"650\" height=\"300\" frameborder=\"0\" allowfullscreen=\"allowfullscreen\"><\/iframe><br \/>\n<img decoding=\"async\" loading=\"lazy\" class=\"aligncenter size-full wp-image-3850\" src=\"http:\/\/www.jazsemgong.com\/jazsemgong\/gong\/ita\/wp-content\/uploads\/OM-JAZSEMGONG-75.jpg\" alt=\"OM-JAZSEMGONG-75\" width=\"75\" height=\"75\" \/><iframe loading=\"lazy\" src=\"\/\/www.youtube.com\/embed\/H9o6Qav5QoQ\" width=\"650\" height=\"300\" frameborder=\"0\" allowfullscreen=\"allowfullscreen\"><\/iframe><br \/>\n<img decoding=\"async\" loading=\"lazy\" class=\"aligncenter size-full wp-image-3850\" src=\"http:\/\/www.jazsemgong.com\/jazsemgong\/gong\/ita\/wp-content\/uploads\/OM-JAZSEMGONG-75.jpg\" alt=\"OM-JAZSEMGONG-75\" width=\"75\" height=\"75\" \/> <iframe loading=\"lazy\" src=\"\/\/www.youtube.com\/embed\/HmOTkHpxUvo\" width=\"650\" height=\"300\" frameborder=\"0\" allowfullscreen=\"allowfullscreen\"><\/iframe><br \/>\n<img decoding=\"async\" loading=\"lazy\" class=\"aligncenter size-full wp-image-3850\" src=\"http:\/\/www.jazsemgong.com\/jazsemgong\/gong\/ita\/wp-content\/uploads\/OM-JAZSEMGONG-75.jpg\" alt=\"OM-JAZSEMGONG-75\" width=\"75\" height=\"75\" \/><object width=\"560\" height=\"315\"><param name=\"movie\" value=\"\/\/www.youtube.com\/v\/96wu5vbbFc0?version=3&amp;hl=sl_SI&amp;rel=0\" \/><param name=\"allowFullScreen\" value=\"true\" \/><param name=\"allowscriptaccess\" value=\"always\" \/><embed src=\"\/\/www.youtube.com\/v\/96wu5vbbFc0?version=3&amp;hl=sl_SI&amp;rel=0\" type=\"application\/x-shockwave-flash\" width=\"650\" height=\"300\" allowscriptaccess=\"always\" allowfullscreen=\"allowfullscreen\" \/><\/object><br \/>\n<img decoding=\"async\" loading=\"lazy\" class=\"aligncenter size-full wp-image-3850\" src=\"http:\/\/www.jazsemgong.com\/jazsemgong\/gong\/ita\/wp-content\/uploads\/OM-JAZSEMGONG-75.jpg\" alt=\"OM-JAZSEMGONG-75\" width=\"75\" height=\"75\" \/> <iframe loading=\"lazy\" src=\"http:\/\/www.youtube.com\/embed\/fcHVKtZNI0o\" width=\"650\" height=\"300\" frameborder=\"0\" allowfullscreen=\"allowfullscreen\"><\/iframe><br \/>\n<img decoding=\"async\" loading=\"lazy\" class=\"aligncenter size-full wp-image-3850\" src=\"http:\/\/www.jazsemgong.com\/jazsemgong\/gong\/ita\/wp-content\/uploads\/OM-JAZSEMGONG-75.jpg\" alt=\"OM-JAZSEMGONG-75\" width=\"75\" height=\"75\" \/> <iframe loading=\"lazy\" src=\"http:\/\/www.youtube.com\/embed\/nFsKJ5Q36L8?rel=0\" width=\"650\" height=\"300\" frameborder=\"0\" allowfullscreen=\"allowfullscreen\"><\/iframe><br \/>\n<img decoding=\"async\" loading=\"lazy\" class=\"aligncenter size-full wp-image-3850\" src=\"http:\/\/www.jazsemgong.com\/jazsemgong\/gong\/ita\/wp-content\/uploads\/OM-JAZSEMGONG-75.jpg\" alt=\"OM-JAZSEMGONG-75\" width=\"75\" height=\"75\" \/> <iframe loading=\"lazy\" src=\"http:\/\/www.youtube.com\/embed\/98a-6VeeS0Q\" width=\"650\" height=\"300\" frameborder=\"0\" allowfullscreen=\"allowfullscreen\"><\/iframe><br \/>\n<img decoding=\"async\" loading=\"lazy\" class=\"aligncenter size-full wp-image-3850\" src=\"http:\/\/www.jazsemgong.com\/jazsemgong\/gong\/ita\/wp-content\/uploads\/OM-JAZSEMGONG-75.jpg\" alt=\"OM-JAZSEMGONG-75\" width=\"75\" height=\"75\" \/><iframe loading=\"lazy\" src=\"http:\/\/www.youtube.com\/embed\/P9GmgkPy048\" width=\"650\" height=\"300\" frameborder=\"0\" allowfullscreen=\"allowfullscreen\"><\/iframe><br \/>\n<img decoding=\"async\" loading=\"lazy\" class=\"aligncenter size-full wp-image-3850\" src=\"http:\/\/www.jazsemgong.com\/jazsemgong\/gong\/ita\/wp-content\/uploads\/OM-JAZSEMGONG-75.jpg\" alt=\"OM-JAZSEMGONG-75\" width=\"75\" height=\"75\" \/><iframe loading=\"lazy\" src=\"http:\/\/www.youtube.com\/embed\/z8tZQLHRbWE\" width=\"650\" height=\"300\" frameborder=\"0\" allowfullscreen=\"allowfullscreen\"><\/iframe><br \/>\n<img decoding=\"async\" loading=\"lazy\" class=\"aligncenter size-full wp-image-3850\" src=\"http:\/\/www.jazsemgong.com\/jazsemgong\/gong\/ita\/wp-content\/uploads\/OM-JAZSEMGONG-75.jpg\" alt=\"OM-JAZSEMGONG-75\" width=\"75\" height=\"75\" \/><iframe loading=\"lazy\" src=\"http:\/\/www.youtube.com\/embed\/oIKDadGphVA\" width=\"650\" height=\"300\" frameborder=\"0\" allowfullscreen=\"allowfullscreen\"><\/iframe><br \/>\n<img decoding=\"async\" loading=\"lazy\" class=\"aligncenter size-full wp-image-3850\" src=\"http:\/\/www.jazsemgong.com\/jazsemgong\/gong\/ita\/wp-content\/uploads\/OM-JAZSEMGONG-75.jpg\" alt=\"OM-JAZSEMGONG-75\" width=\"75\" height=\"75\" \/><iframe loading=\"lazy\" src=\"http:\/\/www.youtube.com\/embed\/MfUQKh8zEdg\" width=\"650\" height=\"300\" frameborder=\"0\" allowfullscreen=\"allowfullscreen\"><\/iframe><br \/>\n<img decoding=\"async\" loading=\"lazy\" class=\"aligncenter size-full wp-image-3850\" src=\"http:\/\/www.jazsemgong.com\/jazsemgong\/gong\/ita\/wp-content\/uploads\/OM-JAZSEMGONG-75.jpg\" alt=\"OM-JAZSEMGONG-75\" width=\"75\" height=\"75\" \/><iframe loading=\"lazy\" src=\"http:\/\/www.youtube.com\/embed\/b9jmV9M1XI4\" width=\"650\" height=\"300\" frameborder=\"0\" allowfullscreen=\"allowfullscreen\"><\/iframe><br \/>\n<img decoding=\"async\" loading=\"lazy\" class=\"aligncenter size-full wp-image-3850\" src=\"http:\/\/www.jazsemgong.com\/jazsemgong\/gong\/ita\/wp-content\/uploads\/OM-JAZSEMGONG-75.jpg\" alt=\"OM-JAZSEMGONG-75\" width=\"75\" height=\"75\" \/><iframe loading=\"lazy\" src=\"http:\/\/www.youtube.com\/embed\/gaMiFh1b_kw\" width=\"650\" height=\"300\" frameborder=\"0\" allowfullscreen=\"allowfullscreen\"><\/iframe><br \/>\n<img decoding=\"async\" loading=\"lazy\" class=\"aligncenter size-full wp-image-3850\" src=\"http:\/\/www.jazsemgong.com\/jazsemgong\/gong\/ita\/wp-content\/uploads\/OM-JAZSEMGONG-75.jpg\" alt=\"OM-JAZSEMGONG-75\" width=\"75\" height=\"75\" \/><iframe loading=\"lazy\" src=\"http:\/\/www.youtube.com\/embed\/xKSucgRPbrE\" width=\"650\" height=\"300\" frameborder=\"0\" allowfullscreen=\"allowfullscreen\"><\/iframe><br \/>\n<img decoding=\"async\" loading=\"lazy\" class=\"aligncenter size-full wp-image-3850\" src=\"http:\/\/www.jazsemgong.com\/jazsemgong\/gong\/ita\/wp-content\/uploads\/OM-JAZSEMGONG-75.jpg\" alt=\"OM-JAZSEMGONG-75\" width=\"75\" height=\"75\" \/><iframe loading=\"lazy\" src=\"\/\/www.youtube.com\/embed\/AYykM0QzUIo\" width=\"650\" height=\"300\" frameborder=\"0\" allowfullscreen=\"allowfullscreen\"><\/iframe><br \/>\n<img decoding=\"async\" loading=\"lazy\" class=\"aligncenter size-full wp-image-3850\" src=\"http:\/\/www.jazsemgong.com\/jazsemgong\/gong\/ita\/wp-content\/uploads\/OM-JAZSEMGONG-75.jpg\" alt=\"OM-JAZSEMGONG-75\" width=\"75\" height=\"75\" \/><iframe loading=\"lazy\" src=\"http:\/\/www.youtube.com\/embed\/EtIdAeHfY3s\" width=\"650\" height=\"300\" frameborder=\"0\" allowfullscreen=\"allowfullscreen\"><\/iframe><br \/>\n<img decoding=\"async\" loading=\"lazy\" class=\"aligncenter size-full wp-image-3850\" src=\"http:\/\/www.jazsemgong.com\/jazsemgong\/gong\/ita\/wp-content\/uploads\/OM-JAZSEMGONG-75.jpg\" alt=\"OM-JAZSEMGONG-75\" width=\"75\" height=\"75\" \/><br \/>\n<iframe loading=\"lazy\" src=\"http:\/\/www.youtube.com\/embed\/AHR7KF9-T1M\" width=\"650\" height=\"300\" frameborder=\"0\" allowfullscreen=\"allowfullscreen\"><\/iframe><br \/>\n<img decoding=\"async\" loading=\"lazy\" class=\"aligncenter size-full wp-image-3850\" src=\"http:\/\/www.jazsemgong.com\/jazsemgong\/gong\/ita\/wp-content\/uploads\/OM-JAZSEMGONG-75.jpg\" alt=\"OM-JAZSEMGONG-75\" width=\"75\" height=\"75\" \/> <iframe loading=\"lazy\" src=\"http:\/\/www.youtube.com\/embed\/3ycXyUlqj7c\" width=\"650\" height=\"300\" frameborder=\"0\" allowfullscreen=\"allowfullscreen\"><\/iframe><br \/>\n<img decoding=\"async\" loading=\"lazy\" class=\"aligncenter size-full wp-image-3850\" src=\"http:\/\/www.jazsemgong.com\/jazsemgong\/gong\/ita\/wp-content\/uploads\/OM-JAZSEMGONG-75.jpg\" alt=\"OM-JAZSEMGONG-75\" width=\"75\" height=\"75\" \/><iframe loading=\"lazy\" src=\"http:\/\/www.youtube.com\/embed\/lX6NksZijQQ\" width=\"650\" height=\"300\" frameborder=\"0\" allowfullscreen=\"allowfullscreen\"><\/iframe><br \/>\n<img decoding=\"async\" loading=\"lazy\" class=\"aligncenter size-full wp-image-3850\" src=\"http:\/\/www.jazsemgong.com\/jazsemgong\/gong\/ita\/wp-content\/uploads\/OM-JAZSEMGONG-75.jpg\" alt=\"OM-JAZSEMGONG-75\" width=\"75\" height=\"75\" \/> <iframe loading=\"lazy\" src=\"http:\/\/www.youtube.com\/embed\/kN424ExVlUs\" width=\"650\" height=\"300\" frameborder=\"0\" allowfullscreen=\"allowfullscreen\"><\/iframe><br \/>\n<img decoding=\"async\" loading=\"lazy\" class=\"aligncenter size-full wp-image-3850\" src=\"http:\/\/www.jazsemgong.com\/jazsemgong\/gong\/ita\/wp-content\/uploads\/OM-JAZSEMGONG-75.jpg\" alt=\"OM-JAZSEMGONG-75\" width=\"75\" height=\"75\" \/><iframe loading=\"lazy\" src=\"http:\/\/www.youtube.com\/embed\/bR5Y3TNxH_4\" width=\"650\" height=\"300\" frameborder=\"0\" allowfullscreen=\"allowfullscreen\"><\/iframe><br \/>\n<img decoding=\"async\" loading=\"lazy\" class=\"aligncenter size-full wp-image-3850\" src=\"http:\/\/www.jazsemgong.com\/jazsemgong\/gong\/ita\/wp-content\/uploads\/OM-JAZSEMGONG-75.jpg\" alt=\"OM-JAZSEMGONG-75\" width=\"75\" height=\"75\" \/> <iframe loading=\"lazy\" src=\"http:\/\/www.youtube.com\/embed\/PJWxuKSG450\" width=\"650\" height=\"300\" frameborder=\"0\" allowfullscreen=\"allowfullscreen\"><\/iframe><br \/>\n<img decoding=\"async\" loading=\"lazy\" class=\"aligncenter size-full wp-image-3850\" src=\"http:\/\/www.jazsemgong.com\/jazsemgong\/gong\/ita\/wp-content\/uploads\/OM-JAZSEMGONG-75.jpg\" alt=\"OM-JAZSEMGONG-75\" width=\"75\" height=\"75\" \/> <iframe loading=\"lazy\" src=\"http:\/\/www.youtube.com\/embed\/kL9qz7rUTSo\" width=\"650\" height=\"300\" frameborder=\"0\" allowfullscreen=\"allowfullscreen\"><\/iframe><br \/>\n<img decoding=\"async\" loading=\"lazy\" class=\"aligncenter size-full wp-image-3850\" src=\"http:\/\/www.jazsemgong.com\/jazsemgong\/gong\/ita\/wp-content\/uploads\/OM-JAZSEMGONG-75.jpg\" alt=\"OM-JAZSEMGONG-75\" width=\"75\" height=\"75\" \/> <iframe loading=\"lazy\" src=\"http:\/\/www.youtube.com\/embed\/0LwXHI0rbz8\" width=\"650\" height=\"300\" frameborder=\"0\" allowfullscreen=\"allowfullscreen\"><\/iframe><br \/>\n<img decoding=\"async\" loading=\"lazy\" class=\"aligncenter size-full wp-image-3850\" src=\"http:\/\/www.jazsemgong.com\/jazsemgong\/gong\/ita\/wp-content\/uploads\/OM-JAZSEMGONG-75.jpg\" alt=\"OM-JAZSEMGONG-75\" width=\"75\" height=\"75\" \/><\/p>\n","protected":false},"excerpt":{"rendered":"<p>17.2.2024 Dopo 16 anni trascorsi a suonare Flumie \u00a8TTE Konklang\u00a8, ci aspetta un periodo in cui conosceremo suoni e vibrazioni completamente diversi dai Flumie \u00a8B Love\u00a8 dalla Gran Bretagna. Differiscono per dimensione (diametro), materiale e spessore della bacchetta, e soprattutto per il modo di suonare. Ecco perch\u00e9 posso dire che una nuova era per conoscere [&hellip;]<\/p>\n","protected":false},"author":1,"featured_media":0,"parent":0,"menu_order":4,"comment_status":"closed","ping_status":"closed","template":"","meta":[],"_links":{"self":[{"href":"http:\/\/www.jazsemgong.com\/jazsemgong\/gong\/ita\/wp-json\/wp\/v2\/pages\/7"}],"collection":[{"href":"http:\/\/www.jazsemgong.com\/jazsemgong\/gong\/ita\/wp-json\/wp\/v2\/pages"}],"about":[{"href":"http:\/\/www.jazsemgong.com\/jazsemgong\/gong\/ita\/wp-json\/wp\/v2\/types\/page"}],"author":[{"embeddable":true,"href":"http:\/\/www.jazsemgong.com\/jazsemgong\/gong\/ita\/wp-json\/wp\/v2\/users\/1"}],"replies":[{"embeddable":true,"href":"http:\/\/www.jazsemgong.com\/jazsemgong\/gong\/ita\/wp-json\/wp\/v2\/comments?post=7"}],"version-history":[{"count":38,"href":"http:\/\/www.jazsemgong.com\/jazsemgong\/gong\/ita\/wp-json\/wp\/v2\/pages\/7\/revisions"}],"predecessor-version":[{"id":5874,"href":"http:\/\/www.jazsemgong.com\/jazsemgong\/gong\/ita\/wp-json\/wp\/v2\/pages\/7\/revisions\/5874"}],"wp:attachment":[{"href":"http:\/\/www.jazsemgong.com\/jazsemgong\/gong\/ita\/wp-json\/wp\/v2\/media?parent=7"}],"curies":[{"name":"wp","href":"https:\/\/api.w.org\/{rel}","templated":true}]}}