{"id":5576,"date":"2023-01-24T15:51:03","date_gmt":"2023-01-24T13:51:03","guid":{"rendered":"http:\/\/www.jazsemgong.com\/jazsemgong\/gong\/ita\/?page_id=5576"},"modified":"2025-06-16T23:56:46","modified_gmt":"2025-06-16T21:56:46","slug":"sveto-nella-vechia-scuola-a-sveto-comeno","status":"publish","type":"page","link":"http:\/\/www.jazsemgong.com\/jazsemgong\/gong\/ita\/%ea%9d%8f\/sveto-nella-vechia-scuola-a-sveto-comeno\/","title":{"rendered":"SVETO &#8211; Nella Vechia Scuola a Sveto (Comeno)"},"content":{"rendered":"\n<h1 class=\"wp-block-heading has-text-align-center has-vivid-red-color has-text-color\">Ballo &amp; OMsound VIBRAZIONI<\/h1>\n\n\n\n<figure class=\"wp-block-image size-large\"><img decoding=\"async\" loading=\"lazy\" width=\"1024\" height=\"415\" src=\"http:\/\/www.jazsemgong.com\/jazsemgong\/gong\/ita\/wp-content\/uploads\/DANCE-GONG-BATH-DOGODEK-2-1024x415.jpg\" alt=\"\" class=\"wp-image-5555\" srcset=\"http:\/\/www.jazsemgong.com\/jazsemgong\/gong\/ita\/wp-content\/uploads\/DANCE-GONG-BATH-DOGODEK-2-1024x415.jpg 1024w, http:\/\/www.jazsemgong.com\/jazsemgong\/gong\/ita\/wp-content\/uploads\/DANCE-GONG-BATH-DOGODEK-2-300x122.jpg 300w, http:\/\/www.jazsemgong.com\/jazsemgong\/gong\/ita\/wp-content\/uploads\/DANCE-GONG-BATH-DOGODEK-2-768x311.jpg 768w, http:\/\/www.jazsemgong.com\/jazsemgong\/gong\/ita\/wp-content\/uploads\/DANCE-GONG-BATH-DOGODEK-2-1536x622.jpg 1536w, http:\/\/www.jazsemgong.com\/jazsemgong\/gong\/ita\/wp-content\/uploads\/DANCE-GONG-BATH-DOGODEK-2-2048x830.jpg 2048w\" sizes=\"(max-width: 1024px) 100vw, 1024px\" \/><\/figure>\n\n\n\n<h1 class=\"wp-block-heading has-text-align-center has-vivid-red-color has-text-color\">QUANDO:<\/h1>\n\n\n\n<h2 class=\"wp-block-heading has-text-align-center has-vivid-red-color has-text-color\">DOMENICA 3.12.23 alle 18<\/h2>\n\n\n\n<h2 class=\"wp-block-heading has-text-align-center has-vivid-red-color has-text-color\"><a href=\"http:\/\/www.jazsemgong.com\/jazsemgong\/gong\/ita\/prenotazione-sveto-comeno\/\" target=\"_blank\" rel=\"noreferrer noopener\">SOLO SU PRENOTAZIONE entro le ore 12 del giorno dell&#8217;evento (prenotare solo per s\u00e9 stessi) cliccando QUA<\/a><\/h2>\n\n\n\n<h2 class=\"wp-block-heading has-text-align-center has-vivid-red-color has-text-color\">NUMERO DEI POSTI E LIMITATO !!!<\/h2>\n\n\n\n<h1 class=\"wp-block-heading has-text-align-center has-vivid-red-color has-text-color\">LOCALITA:<\/h1>\n\n\n<div class=\"wp-block-image\">\n<figure class=\"aligncenter\"><a href=\"https:\/\/goo.gl\/maps\/kLJXdpmZdc1EtfPD8\" target=\"_blank\" rel=\"noreferrer noopener\"><img decoding=\"async\" loading=\"lazy\" width=\"650\" height=\"298\" src=\"http:\/\/www.jazsemgong.com\/jazsemgong\/gong\/ita\/wp-content\/uploads\/ZEMLJEVID-IT.jpg\" alt=\"\" class=\"wp-image-5444\" srcset=\"http:\/\/www.jazsemgong.com\/jazsemgong\/gong\/ita\/wp-content\/uploads\/ZEMLJEVID-IT.jpg 650w, http:\/\/www.jazsemgong.com\/jazsemgong\/gong\/ita\/wp-content\/uploads\/ZEMLJEVID-IT-300x138.jpg 300w\" sizes=\"(max-width: 650px) 100vw, 650px\" \/><\/a><\/figure><\/div>\n\n\n<h2 class=\"wp-block-heading has-text-align-center has-text-color\" style=\"color:#8b5009\">Robbin Jazy Jar ci guidera in un viaggio sonoro di consapevolezza spirituale e benessere psicofisico. Inizieremo (chi vorr\u00e0) con una danza consapevole (circa 10 min). Poi continueremo con il Bagno di Suoni. Verranno suonati oltre la Luna (60 cm), anche i Gong pi\u00f9 grandi (Terra 96 cm e Plutone 91 cm) che ruoteranno su s\u00e9 stessi appesi su una corda sola liberando dei suoni speciali. Con noi sar\u00e0 anche il Gong pi\u00f9 grande (Ufip 120 cm \u2013 33 kg) e molti altri strumenti (Arpa di Cristallo, ciotole Tibetane, e di Cristallo, Tamburo Sciamanico e \u2026). <\/h2>\n\n\n\n<h2 class=\"wp-block-heading has-text-align-center has-text-color\" style=\"color:#8b5009\">Portarsi un tappetino, sacco a pelo, e acqua da bere. E consigliabile indossare vestiti leggeri e colori chiari.<\/h2>\n","protected":false},"excerpt":{"rendered":"<p>Ballo &amp; OMsound VIBRAZIONI QUANDO: DOMENICA 3.12.23 alle 18 SOLO SU PRENOTAZIONE entro le ore 12 del giorno dell&#8217;evento (prenotare solo per s\u00e9 stessi) cliccando QUA NUMERO DEI POSTI E LIMITATO !!! LOCALITA: Robbin Jazy Jar ci guidera in un viaggio sonoro di consapevolezza spirituale e benessere psicofisico. Inizieremo (chi vorr\u00e0) con una danza consapevole [&hellip;]<\/p>\n","protected":false},"author":1,"featured_media":0,"parent":6103,"menu_order":0,"comment_status":"closed","ping_status":"closed","template":"","meta":[],"_links":{"self":[{"href":"http:\/\/www.jazsemgong.com\/jazsemgong\/gong\/ita\/wp-json\/wp\/v2\/pages\/5576"}],"collection":[{"href":"http:\/\/www.jazsemgong.com\/jazsemgong\/gong\/ita\/wp-json\/wp\/v2\/pages"}],"about":[{"href":"http:\/\/www.jazsemgong.com\/jazsemgong\/gong\/ita\/wp-json\/wp\/v2\/types\/page"}],"author":[{"embeddable":true,"href":"http:\/\/www.jazsemgong.com\/jazsemgong\/gong\/ita\/wp-json\/wp\/v2\/users\/1"}],"replies":[{"embeddable":true,"href":"http:\/\/www.jazsemgong.com\/jazsemgong\/gong\/ita\/wp-json\/wp\/v2\/comments?post=5576"}],"version-history":[{"count":4,"href":"http:\/\/www.jazsemgong.com\/jazsemgong\/gong\/ita\/wp-json\/wp\/v2\/pages\/5576\/revisions"}],"predecessor-version":[{"id":6116,"href":"http:\/\/www.jazsemgong.com\/jazsemgong\/gong\/ita\/wp-json\/wp\/v2\/pages\/5576\/revisions\/6116"}],"up":[{"embeddable":true,"href":"http:\/\/www.jazsemgong.com\/jazsemgong\/gong\/ita\/wp-json\/wp\/v2\/pages\/6103"}],"wp:attachment":[{"href":"http:\/\/www.jazsemgong.com\/jazsemgong\/gong\/ita\/wp-json\/wp\/v2\/media?parent=5576"}],"curies":[{"name":"wp","href":"https:\/\/api.w.org\/{rel}","templated":true}]}}