{"id":5046,"date":"2021-02-05T03:31:18","date_gmt":"2021-02-05T01:31:18","guid":{"rendered":"http:\/\/www.jazsemgong.com\/jazsemgong\/gong\/ita\/?page_id=5046"},"modified":"2021-02-14T20:23:58","modified_gmt":"2021-02-14T18:23:58","slug":"musica-per-dormire-o-meditare","status":"publish","type":"page","link":"http:\/\/www.jazsemgong.com\/jazsemgong\/gong\/ita\/delovanje-gongov\/musica-per-dormire-o-meditare\/","title":{"rendered":"MUSICA PER DORMIRE O MEDITARE"},"content":{"rendered":"<h2 style=\"text-align: center;\"><span style=\"color: #993300;\">PER VOI HO CREATO TRE DIVERSE VERSIONI DI MUSICA PER DORMIRE O MEDITARE<\/span><\/h2>\n<h3 style=\"text-align: right;\"><span style=\"color: #993300;\"><strong>21.12.2020<\/strong><\/span><\/h3>\n<h3 style=\"text-align: center;\"><span style=\"color: #993300;\"><strong>La musica \u00e8 stata creata per calmarci, portarci in uno stato alfa, in uno stato in cui \u00e8 pi\u00f9 facile meditare o addormentarsi. Nei primi tre minuti suono la Campana che pulisce e prepara la stanza. Seguono i Chims e Koshi, che con il suono amichevole e angelico calmano i pensieri. Seguono i 27 minuti di suono del Paiste Gong Terra &#8211; Earth.<\/strong><\/span><\/h3>\n<h3 style=\"text-align: center;\"><span style=\"color: #993300;\"><strong>Tutti gli strumenti sono suonati con l&#8217;intento di calmarci, per questo suono il Gong delicatamente, dove lo scopo non \u00e8 la demolizione ma accarezzare la vostra anima e corpo per rilassarvi il pi\u00f9 possibile, per farvi riposare, per raccogliere nuova energia, di mantenere il sonno il pi\u00f9 profondo possibile e di portarci a uno stato di calma pi\u00f9 elevato o a dormire. I suoni di Gong puliranno ulteriormente il vostro spazio da tutte le forme mentali e emozionali di cui non avete bisogno e rimuoveranno tutte le entit\u00e0 per mantenere il sonno sicuro, tranquillo per tutta la notte.<\/strong><\/span><\/h3>\n<h3 style=\"text-align: center;\"><span style=\"color: #993300;\"><strong>Vi suggerisco che prima di andare a letto formulate un intento, per esempio di essere tutt\u2019uno con s\u00e9 superiore o la Presenza Io Sono per ricevere istruzioni per andare a fare il test per covid, per vaccinarsi&#8230; No, no, scusate mi\u2026 ho perso il senso del giusto e sbagliato e automaticamente ho scritto quello che vedo, leggo e sento da tutte le parti\u2026 tanto e questo che loro vogliono. Loro non vogliono che noi pensiamo con la nostra testa e che siamo liberi e indipendenti.<\/strong><\/span><\/h3>\n<h3 style=\"text-align: center;\"><span style=\"color: #993300;\"><strong>Quindi s\u00ec, l&#8217;intento \u00e8 molto importante, specialmente negli ultimi minuti prima di addormentarci \u00e8 molto importante dove sono diretti i nostri pensieri.<\/strong><\/span><\/h3>\n<h3 style=\"text-align: center;\"><span style=\"color: #993300;\"><strong>Propongo di ripetere questo intento prima di andare a dormire:<\/strong><\/span><\/h3>\n<h3 style=\"text-align: center;\"><span style=\"color: #993300;\"><strong>Prima di andare a letto:<\/strong><\/span><\/h3>\n<h3 style=\"text-align: center;\"><em><span style=\"color: #993300;\"><strong>Potente Presenza &#8220;IO SONO!&#8221; Prendimi oggi, quando\u00a0<\/strong><\/span><span style=\"color: #993300;\"><strong>il mio corpo dorme, nel tuo cuore! Rivelami\u00a0<\/strong><\/span><span style=\"color: #993300;\"><strong>completamente tutta la conoscenza degli Maestri Ascesi\u00a0<\/strong><\/span><span style=\"color: #993300;\"><strong>della presenza di &#8216;IO SONO&#8217;. Quando mi sveglier\u00f2 famelo <\/strong><\/span><span style=\"color: #993300;\"><strong>ricordare chiaramente nella mia coscienza\u00a0<\/strong><\/span><span style=\"color: #993300;\"><strong>esterna in modo che possa utilizzarlo in tutte le mie attivit\u00e0\u00a0<\/strong><\/span><span style=\"color: #993300;\"><strong>a tempo indeterminato, affinch\u00e9 possa esprimere per <\/strong><\/span><span style=\"color: #993300;\"><strong>sempre e pienamente la tua Perfezione.<\/strong><\/span><\/em><\/h3>\n<h3 style=\"text-align: center;\"><span style=\"color: #993300;\"><strong>Puoi guardare il video al link sottostante. Puoi scaricare la clip audio gratuitamente cliccando sul link <\/strong><strong>sotto il video.<\/strong><\/span><\/h3>\n<h3 style=\"text-align: center;\"><span style=\"color: #008000;\"><strong>Se volete potete fare anche una donazione sul mio conto bancario personale che si trova in fondo alla pagina (perch\u00e9 il conto corrente della partita iva \u00e8 attualmente chiuso !!!)<\/strong><\/span><\/h3>\n<h3 style=\"text-align: center;\"><span style=\"color: #993300;\"><strong>Un abbraccio e buona notte vi augura Robbin<\/strong><\/span><\/h3>\n<p><img decoding=\"async\" loading=\"lazy\" class=\"alignnone size-full wp-image-3850 aligncenter\" src=\"http:\/\/www.jazsemgong.com\/jazsemgong\/gong\/ita\/wp-content\/uploads\/OM-JAZSEMGONG-75.jpg\" alt=\"\" width=\"75\" height=\"75\" \/><\/p>\n<h2 style=\"text-align: center;\"><a href=\"http:\/\/www.jazsemgong.com\/jazsemgong\/gong\/ita\/glasbila\/musica-per-dormire-o-meditare-1\/\" target=\"_blank\" rel=\"noopener\"><span style=\"color: #993300;\"><strong>MUSICA PER DORMIRE O MEDITARE 1<\/strong><\/span><\/a><\/h2>\n<h2 style=\"text-align: center;\"><a href=\"http:\/\/www.jazsemgong.com\/jazsemgong\/gong\/ita\/glasbila\/musica-per-dormire-o-meditare-2\/\" target=\"_blank\" rel=\"noopener\"><span style=\"color: #993300;\"><strong>MUSICA PER DORMIRE O MEDITARE 2<\/strong><\/span><\/a><\/h2>\n<h2 style=\"text-align: center;\"><a href=\"http:\/\/www.jazsemgong.com\/jazsemgong\/gong\/ita\/glasbila\/musica-per-dormire-o-meditare-3\/\" target=\"_blank\" rel=\"noopener\"><span style=\"color: #993300;\"><strong>MUSICA PER DORMIRE O MEDITARE 3<\/strong><\/span><\/a><\/h2>\n<h2 style=\"text-align: center;\"><a href=\"http:\/\/www.jazsemgong.com\/jazsemgong\/gong\/ita\/glasbila\/musica-per-dormire-o-meditare-4\/\" target=\"_blank\" rel=\"noopener\"><span style=\"color: #993300;\"><strong>MUSICA PER DORMIRE O MEDITARE 4<\/strong><\/span><\/a><\/h2>\n<p><img decoding=\"async\" loading=\"lazy\" class=\"alignnone size-thumbnail wp-image-4464 aligncenter\" src=\"http:\/\/www.jazsemgong.com\/jazsemgong\/gong\/ita\/wp-content\/uploads\/CEEPORT-LES-ZDRU\u017dENI-LEYERJI-ZA-MAILCHIMP-150x150.jpg\" alt=\"\" width=\"150\" height=\"150\" srcset=\"http:\/\/www.jazsemgong.com\/jazsemgong\/gong\/ita\/wp-content\/uploads\/CEEPORT-LES-ZDRU\u017dENI-LEYERJI-ZA-MAILCHIMP-150x150.jpg 150w, http:\/\/www.jazsemgong.com\/jazsemgong\/gong\/ita\/wp-content\/uploads\/CEEPORT-LES-ZDRU\u017dENI-LEYERJI-ZA-MAILCHIMP-300x300.jpg 300w, http:\/\/www.jazsemgong.com\/jazsemgong\/gong\/ita\/wp-content\/uploads\/CEEPORT-LES-ZDRU\u017dENI-LEYERJI-ZA-MAILCHIMP.jpg 827w\" sizes=\"(max-width: 150px) 100vw, 150px\" \/><\/p>\n<h3 style=\"text-align: center;\"><span style=\"color: #993300;\">Per donare:<\/span><\/h3>\n<h3 style=\"text-align: center;\"><span style=\"color: #993300;\">Robbin Jazy Jar<\/span><\/h3>\n<h3 style=\"text-align: center;\"><span style=\"color: #993300;\">Ka\u010di\u010de \u2013 Pared 2<\/span><\/h3>\n<h3 style=\"text-align: center;\"><span style=\"color: #993300;\">6215 Diva\u010da<\/span><\/h3>\n<h3 style=\"text-align: center;\"><span style=\"color: #993300;\">Unicredit bank<\/span><\/h3>\n<h3 style=\"text-align: center;\"><span style=\"color: #993300;\">OSEBNI TRR:\u00a0<strong>IBAN SI56 2900 0013 2127 146<\/strong><\/span><\/h3>\n<h3 style=\"text-align: center;\"><span style=\"color: #993300;\">SWIFT:\u00a0<strong>BACXSI22<\/strong><\/span><\/h3>\n","protected":false},"excerpt":{"rendered":"<p>PER VOI HO CREATO TRE DIVERSE VERSIONI DI MUSICA PER DORMIRE O MEDITARE 21.12.2020 La musica \u00e8 stata creata per calmarci, portarci in uno stato alfa, in uno stato in cui \u00e8 pi\u00f9 facile meditare o addormentarsi. Nei primi tre minuti suono la Campana che pulisce e prepara la stanza. Seguono i Chims e Koshi, [&hellip;]<\/p>\n","protected":false},"author":1,"featured_media":0,"parent":5,"menu_order":6,"comment_status":"closed","ping_status":"closed","template":"","meta":[],"_links":{"self":[{"href":"http:\/\/www.jazsemgong.com\/jazsemgong\/gong\/ita\/wp-json\/wp\/v2\/pages\/5046"}],"collection":[{"href":"http:\/\/www.jazsemgong.com\/jazsemgong\/gong\/ita\/wp-json\/wp\/v2\/pages"}],"about":[{"href":"http:\/\/www.jazsemgong.com\/jazsemgong\/gong\/ita\/wp-json\/wp\/v2\/types\/page"}],"author":[{"embeddable":true,"href":"http:\/\/www.jazsemgong.com\/jazsemgong\/gong\/ita\/wp-json\/wp\/v2\/users\/1"}],"replies":[{"embeddable":true,"href":"http:\/\/www.jazsemgong.com\/jazsemgong\/gong\/ita\/wp-json\/wp\/v2\/comments?post=5046"}],"version-history":[{"count":6,"href":"http:\/\/www.jazsemgong.com\/jazsemgong\/gong\/ita\/wp-json\/wp\/v2\/pages\/5046\/revisions"}],"predecessor-version":[{"id":5065,"href":"http:\/\/www.jazsemgong.com\/jazsemgong\/gong\/ita\/wp-json\/wp\/v2\/pages\/5046\/revisions\/5065"}],"up":[{"embeddable":true,"href":"http:\/\/www.jazsemgong.com\/jazsemgong\/gong\/ita\/wp-json\/wp\/v2\/pages\/5"}],"wp:attachment":[{"href":"http:\/\/www.jazsemgong.com\/jazsemgong\/gong\/ita\/wp-json\/wp\/v2\/media?parent=5046"}],"curies":[{"name":"wp","href":"https:\/\/api.w.org\/{rel}","templated":true}]}}