{"id":4626,"date":"2018-07-16T14:48:47","date_gmt":"2018-07-16T12:48:47","guid":{"rendered":"http:\/\/www.jazsemgong.com\/jazsemgong\/gong\/ita\/?page_id=4626"},"modified":"2019-01-12T21:50:39","modified_gmt":"2019-01-12T19:50:39","slug":"bagno-di-suoni-in-piscina","status":"publish","type":"page","link":"http:\/\/www.jazsemgong.com\/jazsemgong\/gong\/ita\/delovanje-gongov\/bagno-di-suoni-in-piscina\/","title":{"rendered":"Bagno di Suoni in Piscina"},"content":{"rendered":"<h5 style=\"text-align: right;\"><span style=\"color: #0000ff;\">16.7.2018<\/span><\/h5>\n<h3 style=\"text-align: center;\"><span style=\"color: #0000ff;\">Care Sorelle e Fratelli del Suono Sacro&#8230;<\/span><\/h3>\n<h3><span style=\"color: #0000ff;\">Vi presento una tecnica unica per produrre un suono, anche se la parola \u201cVibrazione\u201d sarebbe la pi\u00f9 adatta. \u00c8 una scoperta che ho fatto nel 2010, quando guidato dalla mia curiosit\u00e0, volevo provare a vedere come si espandeva il suono di una ciotola di Cristallo (di 56 cm di diametro che pesa 20 kg) nell\u2019acqua, dove il suono viene trasmesso 7 volte pi\u00f9 velocemente. E sapete cosa ho scoperto? Che la particolarit\u00e0 non \u00e8 nel suono, ma nell\u2019incredibile potere delle vibrazioni che sentiamo nel nostro corpo prodotte dalla ciotola quando questa galleggia sull\u2019acqua 8 cm sopra al nostro petto, quando noi stiamo seduti in acqua calda della piscina. Il tutto \u00e8 anche pi\u00f9 interessante quando hai la sensazione di stare nel posto pi\u00f9 sicuro nel mondo \u2013 nel grembo della madre.<\/span><\/h3>\n<h3><span style=\"color: #0000ff;\">Cose una Ciotola di Cristallo?<\/span><\/h3>\n<h3><span style=\"color: #0000ff;\">Ogni Ciotola di Cristallo \u00e8 fatta di 99,992% di silicio quarzo. Uno dei motivi per cui i toni puri fanno vibrare il nostro corpo \u00e8 che esso ha una naturale affinit\u00e0 con il quarzo. Il corpo umano \u00e8 composto di molte sostanze cristalline: le ossa, il sangue e il DNA, come la struttura cristallo-colloidale liquida del cervello.<\/span><br \/>\n<span style=\"color: #0000ff;\"> Anche a livello molecolare, le nostre cellule contengono silice, che equilibra le nostre energie elettro-magnetiche e queste hanno la stessa formula del cristallo di quarzo naturale.\u00a0<\/span><\/h3>\n<h3><span style=\"color: #0000ff;\">&#8220;<em>Una persona non sente il suono solamente tramite le orecchie, lo sente in ogni poro del corpo.\u201d <\/em><em>Soprattutto se siamo immersi nell\u2019acqua con tutto il corpo, tutto diventa sette volte pi\u00f9 forte<\/em><\/span><\/h3>\n<h3><span style=\"color: #0000ff;\">Edgar Cayce e Rudolf Steiner hanno previsto che: &#8221; \u2026<em>i puri toni verranno utilizzati per il riequilibrio energetico, prima della fine di questo secolo<\/em>&#8220;. Nostradamus ha preannunciato l\u2019uso del suono puro entro il 1998. I puri suoni creati con le Ciotole di Cristallo entrano come compimento di questa profezia.\u00a0<\/span><\/h3>\n<h3><span style=\"color: #0000ff;\">Per la loro forma circolare e la loro struttura di cristallo le Ciotole di Cristallo con il loro suono riattivano ed armonizzano la vibrazione spiraliforme degli organi del corpo umano creando vortici di riequilibrio.<\/span><br \/>\n<span style=\"color: #0000ff;\"> Sono un potentissimo strumento di armonizzazione spirituale e fisica.<\/span><\/h3>\n<h3><span style=\"color: #0000ff;\">Il puro suono delle Ciotole di Cristallo produce un campo acustico vibrazionale che risuona nei corpi sottili, nei chakra e nel corpo fisico. Una serie di puri suoni di cristallo facilita il riequilibrio ad un elevato livello di radianza eterica. Il cristallo di quarzo contiene l&#8217;intera gamma di luce che \u00e8 legato ai sette centri energetici (chakra) e, quindi, riequilibria l&#8217;ascoltatore e porta luce pura attraverso il suono ricolorando nuovamente l&#8217;aura.<\/span><\/h3>\n<h3><span style=\"color: #0000ff;\">Attraverso i puri toni del cristallo il suono colpisce l\u2019attivit\u00e0 cerebrale e si pu\u00f2 \u201cviaggiare\u201d in uno stato alterato di coscienza. E\u2019 possibile che il cervello rilasci degli ormoni e dei neuro-prodotti chimici che possono stimolare i talenti creativi, rinforzare la volont\u00e0 ed ad aiutare a prendere coscienza.<\/span><\/h3>\n<h3><span style=\"color: #0000ff;\"> Rudolf Steiner ha pi\u00f9 volte fatto cenno a queste formazioni cristalline, ma ha anche rilevato che nel corpo umano si trovano cellule esagonali di silicio come nei cristalli di quarzo che, pur non cristallizzando, conservano in tutto e per tutto le stesse caratteristiche. L\u2019interazione \u00e8 poi favorita dall\u2019acqua, di cui il corpo umano \u00e8 composta al 70%, che fa da conduttore d\u2019energia. Se Lacqua ce anche intorno a noi (quando siamo in piscina) l\u00b4interazione aumenta per 7 volte.<\/span><\/h3>\n<h3><span style=\"color: #0000ff;\">Attraverso i puri toni delle Ciotole di Cristallo si pu\u00f2 \u201crimodellare\u201d il campo energetico.<\/span><\/h3>\n<h3><span style=\"color: #0000ff;\">Le Ciotole di Cristallo emettono musica cosmica equiparata ai suoni dei pianeti provenienti da registrazioni NASA nello spazio. Si tratta di una musica celestiale che ristabilisce una pace interiore. Oltre a costituire un potentissimo strumento di riequilibrio, le Ciotole di Cristallo armonizzano l&#8217;energia dell&#8217;ambiente nel quale sono suonate, favorendo benessere ed equilibrio.\u00a0<\/span><\/h3>\n<h3><span style=\"color: #0000ff;\">La musica delle Ciotole di Cristallo \u00e8 tanto pi\u00f9 potente in quanto pu\u00f2 essere programmata. Il cristallo di quarzo \u00e8 in grado di organizzare, trasmettere, ricevere le forme-pensiero ed \u00e8 fondamentale per la memoria &#8220;madre&#8221; di tutti i computer.<\/span><br \/>\n<span style=\"color: #0000ff;\"> Si crede che i delfini e le balene comunichino attraverso il pensiero olografico tridimensionale. Johnathan Goldman, nel suo libro, \u201cGuarire con i suoni, il potere delle Armoniche\u201d 1992, scrive: &#8220;<strong><em>l&#8217;intenzione dietro il suono \u00e8 di estrema importanza. Pu\u00f2 essere pi\u00f9 importante degli effettivi suoni che vengono creati &#8220;. Il potere del pensiero \u00e8 il mezzo attraverso il quale creiamo la nostra realt\u00e0. Nulla pu\u00f2 essere creato se non \u00e8 stato pensato prima. Quando si usa per riequilibrare un cristallo, il cristallo amplifica se \u00e8 stato programmato. Il cristallo ha questa stupefacente propriet\u00e0 e, quindi, pu\u00f2 essere utilizzato per mettere in evidenza una speciale qualit\u00e0 nella persona e contemporaneamente pu\u00f2 aiutare a rilasciare e sostituire le forme-pensiero che non sono in sintonia con la persona.<\/em><\/strong><\/span><\/h3>\n<h3><span style=\"color: #0000ff;\">Namaste, Robbin<\/span><\/h3>\n<p><iframe loading=\"lazy\" src=\"https:\/\/www.youtube.com\/embed\/t-jjcy5YVVU\" width=\"650\" height=\"366\" frameborder=\"0\" allowfullscreen=\"allowfullscreen\"><\/iframe><\/p>\n<p><a href=\"https:\/\/photos.app.goo.gl\/YzYxx1U3hqJWrN7c9\" target=\"_blank\" rel=\"noopener\"><img decoding=\"async\" loading=\"lazy\" class=\"aligncenter wp-image-4633\" src=\"http:\/\/www.jazsemgong.com\/jazsemgong\/gong\/ita\/wp-content\/uploads\/IT-1024x636.jpg\" alt=\"IT\" width=\"650\" height=\"404\" srcset=\"http:\/\/www.jazsemgong.com\/jazsemgong\/gong\/ita\/wp-content\/uploads\/IT-1024x636.jpg 1024w, http:\/\/www.jazsemgong.com\/jazsemgong\/gong\/ita\/wp-content\/uploads\/IT-300x186.jpg 300w\" sizes=\"(max-width: 650px) 100vw, 650px\" \/><\/a><\/p>\n<p>&nbsp;<\/p>\n<h3 style=\"text-align: center;\"><span style=\"color: #0000ff;\">1. Testimonianza del Bagno di Suoni in piscina<\/span><\/h3>\n<h3 style=\"text-align: center;\"><em><span style=\"color: #0000ff;\">Il bagno di suoni con la ciotola di cristallo al primo chakra, mi ha liberata nella mia femminilit\u00e0 pi\u00f9 profonda, lasciandomi un senso di pace e serenit\u00e0. Per quanto possa essere potente il bagno di gruppo, quello individuale ti scava dentro mettendoti di fronte al tuo vero io primordiale, alla tua vera essenza. Sono due cose molto diverse ma altrettanto potenti. \u00c8 questo senso di benessere continua per ore a lavorarti dentro, perci\u00f2 grazie Robbin. Io mi sento davvero nuova come mai prima d\u2019ora.<\/span><\/em><\/h3>\n<h3 style=\"text-align: center;\"><em><span style=\"color: #0000ff;\">la mia sensazione quando sentivo le vibrazioni, quando ti avvicinavi, la campana stava ruotando e ti arrivavano gli schizzi d\u2019acqua\u2026 ho rivissuto il momento del mio parto. Forse deriva anche dal fatto che il bagno si svolge in acqua, perch\u00e9 hai la sensazione che la ciotola di cristallo ti scava dentro il tuo corpo nelle tue cellule pi\u00f9 profonde. Poi siccome nella terza o quarta sessione mi \u00e8 venuta un po\u2019 di tosse ho sentito anche che mi rigenerava i polmoni (sono fumatrice). \u00c8 interessante e incredibile questa sensazione che una ciotola di cristallo in acqua \u00e8 capace di farti vibrare ogni cellula e che comincia nel primo chakra e poi quando ti avvicini la vibrazione sale anche sulla parte superiore del corpo\u2026 perci\u00f2 grazie ancora una volta per questa nuova esperienza Robbin\u2026<\/span><\/em><\/h3>\n<p style=\"text-align: center;\"><img decoding=\"async\" loading=\"lazy\" class=\"aligncenter size-full wp-image-3850\" src=\"http:\/\/www.jazsemgong.com\/jazsemgong\/gong\/ita\/wp-content\/uploads\/OM-JAZSEMGONG-75.jpg\" alt=\"OM-JAZSEMGONG-75\" width=\"75\" height=\"75\" \/><\/p>\n<h3 style=\"text-align: center;\"><span style=\"color: #0000ff;\">2. Testimonianza del Bagno di Suoni in piscina<\/span><\/h3>\n<h3 style=\"text-align: center;\"><span style=\"color: #0000ff;\">Giorni fa&#8217; ho incontrato una cara amica, un&#8217;artista, che da anni si occupa di spiritualit\u00e0. Ha fatto molti viaggi in India per lo yoga, la pranoterapia e altre tecniche olistiche. Gi\u00e0 con la prima sessione di prova di 5 minuti che faccio per far sentire suono e vibrazioni, lei ha avuto un sblocco importante a livello della gola (il 5. Chakra).\u00a0<\/span><\/h3>\n<h3 style=\"text-align: center;\"><span style=\"color: #0000ff;\">\u00c8 interessante notare che, anche se la ciotola \u00e9 programmata per lavorare sul primo chakra, su di lei la vibrazione \u00e9 andata alla gola, quinto chakra, che era il punto per lei pi\u00f9 problematico. Quindi abbiamo un\u2019altra conferma che le vibrazioni sonore sanno dove lavorare. Inoltre sono emersi ricordi del passato, ma anche immagini nitide che rappresentavano scioglimenti e sblocchi energetici.<\/span><\/h3>\n<h3 style=\"text-align: center;\"><span style=\"color: #0000ff;\">In altri casi quando ci sono state 3 persone immerse in piscina, ognuna ha sentito lavorare la ciotola in un punto diverso, quello pi\u00f9 problematico per loro in quel momento. Ogni sessione poi \u00e9 stata diversa, di solito propongo dalle 6 alle 8 sessioni.<\/span><\/h3>\n<h3 style=\"text-align: center;\"><span style=\"color: #0000ff;\">Ecco la sua esperienza:<\/span><\/h3>\n<h3 style=\"text-align: center;\"><span style=\"color: #0000ff;\"><em>\u00c8 sera il sole sta tramontando, in mezzo ad un giardino la piccola piscina e una grande ciotola di quarzo bianca galleggia dolcemente. Comincia il viaggio, Robbin suona questo splendido oggetto che gira e genera suono. Sentivo le vibrazioni nelle gambe, nel bacino fino al collo. Percepivo gli organi vibrare ed emergevano ricordi, ricordi di questa ed altre esistenze. Sentivo che il suono apriva cancelli e rompeva muri dentro di me, avevo un blocco al diaframma e alla gola, ho sentito entrambe sciogliersi tra la tosse ed un senso di liberazione: spazio interiore. Il corpo vibrava catturato dal suono della ciotola, immagini di anelli che si spezzavano uno dopo l&#8217;altro affollavano la mente. Poi sentivo un po&#8217; dolenti tutti i punti in cui ho normalmente male, le vibrazioni stavano lavorando proprio sui punti giusti. E poi pace, rilassamento profondo, contatto con me stessa. Ho partecipato ai meravigliosi bagni di Gong di Robbin, ma questa esperienza nell&#8217;acqua \u00e9 molto PI\u00d9 POTENTE, PI\u00d9 MIRATA, PI\u00d9 INDIVIDUALE, PI\u00d9 ARCAICA. \u00c9 un viaggio nelle acque ancestrali della NASCITA O MEGLIO DELLA RINASCITA&#8230;<\/em><\/span><\/h3>\n<p><a href=\"http:\/\/www.jazsemgong.com\/jazsemgong\/gong\/ita\/wp-content\/uploads\/OM-JAZSEMGONG-75.jpg\"><img decoding=\"async\" loading=\"lazy\" class=\"aligncenter size-full wp-image-3850\" src=\"http:\/\/www.jazsemgong.com\/jazsemgong\/gong\/ita\/wp-content\/uploads\/OM-JAZSEMGONG-75.jpg\" alt=\"OM-JAZSEMGONG-75\" width=\"75\" height=\"75\" \/><\/a><\/p>\n<h3 style=\"text-align: center;\"><span style=\"color: #0000ff;\">3. Testimonianza del Bagno di Suoni in piscina<\/span><\/h3>\n<h3 style=\"text-align: center;\"><span style=\"color: #0000ff;\"><em>D&#8217;accordo! Voglio vedere di che si tratta!<\/em><\/span><\/h3>\n<h3 style=\"text-align: center;\"><span style=\"color: #0000ff;\"><em>Un p\u00f2 trascinata dagli eventi (ma \u00e8 una cosa che mi piace, sa molto di &#8220;le coincidenze non esistono, tutto succede per un motivo&#8221;) arrivo all&#8217;appuntamento con il bagno Gong nell&#8217;acqua un p\u00f2 in ansia. Mi accoglie Robbin con un sorriso e, come sempre mi succede con lui, entro in un&#8217;altra dimensione dove tutto \u00e8\u00a0 semplice e spontaneo\u00a0 e cos\u00ec mi calmo.<\/em><\/span><\/h3>\n<h3 style=\"text-align: center;\"><span style=\"color: #0000ff;\"><em>Iniziamo?\u00a0<\/em><\/span><\/h3>\n<h3 style=\"text-align: center;\"><span style=\"color: #0000ff;\"><em>Mi immergo nell&#8217;acqua e comincio a pensare all&#8217;intento da recitare&#8230;&#8230;che alla fine \u00e8 sempre lo stesso: IO SONO SANA<\/em><\/span><\/h3>\n<h3 style=\"text-align: center;\"><span style=\"color: #0000ff;\"><em>Avrei altri intenti pi\u00f9 incantevoli: io sono luce,amore,gioia,forza,coraggio,prodigio&#8230;&#8230;ma adesso l&#8217;essere sana \u00e8 la cosa pi\u00f9 impellente perch\u00e8 ho due figli e VOGLIO vederli crescere.<\/em><\/span><\/h3>\n<h3 style=\"text-align: center;\"><span style=\"color: #0000ff;\"><em>Mi metto comoda seguendo le indicazioni, dietro di me \u00e8 appeso un grande gong e guardo Robin prendere una enorme campana di quarzo ed appoggiarla con cura sull&#8217;acqua.\u00a0<\/em><\/span><\/h3>\n<h3 style=\"text-align: center;\"><span style=\"color: #0000ff;\"><em>Galleggia sull&#8217;acqua.<\/em><\/span><\/h3>\n<h3 style=\"text-align: center;\"><span style=\"color: #0000ff;\"><em>Robin comincia a suonare.<\/em><\/span><\/h3>\n<h3 style=\"text-align: center;\"><span style=\"color: #0000ff;\"><em>Credo di non aver mai provato una sensazione fisica cos\u00ec intensa e completa.<\/em><\/span><\/h3>\n<h3 style=\"text-align: center;\"><span style=\"color: #0000ff;\"><em>Per la sorpresa a stento riuscivo a tenere gli occhi chiusi.<\/em><\/span><\/h3>\n<h3 style=\"text-align: center;\"><span style=\"color: #0000ff;\"><em>Il suono vibrato che si trasforma in qualcosa di solido, di consistente.<\/em><\/span><\/h3>\n<h3 style=\"text-align: center;\"><span style=\"color: #0000ff;\"><em>\u00a0L&#8217;acqua che si trasforma nel pi\u00f9 potente subwoofer che abbia mai visto.<\/em><\/span><\/h3>\n<h3 style=\"text-align: center;\"><span style=\"color: #0000ff;\"><em>Le vibrazioni colpiscono tutta la pelle del mio corpo ma le sento anche entrare, sento vibrare tutti i muscoli e persino cartilagini e ossa. Sento gli organi interni svegliarsi e rispondere alla vibrazione.\u00a0 \u00a0<\/em><\/span><\/h3>\n<h3 style=\"text-align: center;\"><span style=\"color: #0000ff;\"><em>Mi perdo in questa danza quando la voce di Robin mi riporta sulla terra: l&#8217;intento! Recita l&#8217;intento!<\/em><\/span><\/h3>\n<h3 style=\"text-align: center;\"><span style=\"color: #0000ff;\"><em>Ok, cerco di ricompormi e diligentemente comincio a ripetere dentro di me &#8220;io sono sana&#8230;io sono sana&#8221; ma mi accorgo subito che non mi basta e tutti gli altri intenti emergono quasi con prepotenza&#8230;&#8230;.ho la sensazione di recitarli tutti contemporaneamente!<\/em><\/span><\/h3>\n<h3 style=\"text-align: center;\"><span style=\"color: #0000ff;\"><em>Quanta gioia provo! Mi sembra che tutte le cellule del mio corpo partecipino a questa gioia.<\/em><\/span><\/h3>\n<h3 style=\"text-align: center;\"><span style=\"color: #0000ff;\"><em>Qualcosa mi pizzica, mi solletica, cerco con la mano il punto esatto, \u00e8 il quinto Chakra, s\u00ec \u00e8 lui!<\/em><\/span><\/h3>\n<h3 style=\"text-align: center;\"><span style=\"color: #0000ff;\"><em>Da sempre so di avere difficolt\u00e0 ad esprimermi, mi riesce pi\u00f9 facile ascoltare che parlare\u2026se poi devo raccontare qualcosa di me divento sfuggente e vaga ( per scrivere queste poche righe c&#8217;ho messo non so quanto tempo spronata da\u00a0 tutto l&#8217;affetto che provo per Robbin).<\/em><\/span><\/h3>\n<h3 style=\"text-align: center;\"><span style=\"color: #0000ff;\"><em>Il pizzicore continua, anzi si fa pi\u00f9 forte ma l&#8217;accolgo con gratitudine, so che mi far\u00e0 del bene.<\/em><\/span><\/h3>\n<h3 style=\"text-align: center;\"><span style=\"color: #0000ff;\"><em>Anche il respiro sento che \u00e8 cambiato, percepisco l&#8217;aria entrare fresca nei miei polmoni&#8230;non so , senza sforzo, come se prima respirare mi costasse fatica. Mi accorgo ora di quanto l&#8217;aria sia nutrimento.<\/em><\/span><\/h3>\n<h3 style=\"text-align: center;\"><span style=\"color: #0000ff;\"><em>\u00a0Comunque \u00e8 stata la gioia l&#8217;emozione predominante, tanto da provare anche un senso di pura onnipotenza. Ho ritrovato la parte pi\u00f9 bella di me, quella raggiante e gioiosa, allegra e sicura di s\u00e9. Sono entrata in piscina con la luce di un lumino\u00a0e ne sono uscita accesa come il faro della Vittoria!!\u00a0<\/em><\/span><\/h3>\n<h3 style=\"text-align: center;\"><span style=\"color: #0000ff;\"><em>Magnifico, grazie Robbin!<\/em><\/span><\/h3>\n<h3><span style=\"color: #0000ff;\">\u00a0<\/span><\/h3>\n","protected":false},"excerpt":{"rendered":"<p>16.7.2018 Care Sorelle e Fratelli del Suono Sacro&#8230; Vi presento una tecnica unica per produrre un suono, anche se la parola \u201cVibrazione\u201d sarebbe la pi\u00f9 adatta. \u00c8 una scoperta che ho fatto nel 2010, quando guidato dalla mia curiosit\u00e0, volevo provare a vedere come si espandeva il suono di una ciotola di Cristallo (di 56 [&hellip;]<\/p>\n","protected":false},"author":1,"featured_media":0,"parent":5,"menu_order":3,"comment_status":"closed","ping_status":"open","template":"","meta":[],"_links":{"self":[{"href":"http:\/\/www.jazsemgong.com\/jazsemgong\/gong\/ita\/wp-json\/wp\/v2\/pages\/4626"}],"collection":[{"href":"http:\/\/www.jazsemgong.com\/jazsemgong\/gong\/ita\/wp-json\/wp\/v2\/pages"}],"about":[{"href":"http:\/\/www.jazsemgong.com\/jazsemgong\/gong\/ita\/wp-json\/wp\/v2\/types\/page"}],"author":[{"embeddable":true,"href":"http:\/\/www.jazsemgong.com\/jazsemgong\/gong\/ita\/wp-json\/wp\/v2\/users\/1"}],"replies":[{"embeddable":true,"href":"http:\/\/www.jazsemgong.com\/jazsemgong\/gong\/ita\/wp-json\/wp\/v2\/comments?post=4626"}],"version-history":[{"count":11,"href":"http:\/\/www.jazsemgong.com\/jazsemgong\/gong\/ita\/wp-json\/wp\/v2\/pages\/4626\/revisions"}],"predecessor-version":[{"id":4771,"href":"http:\/\/www.jazsemgong.com\/jazsemgong\/gong\/ita\/wp-json\/wp\/v2\/pages\/4626\/revisions\/4771"}],"up":[{"embeddable":true,"href":"http:\/\/www.jazsemgong.com\/jazsemgong\/gong\/ita\/wp-json\/wp\/v2\/pages\/5"}],"wp:attachment":[{"href":"http:\/\/www.jazsemgong.com\/jazsemgong\/gong\/ita\/wp-json\/wp\/v2\/media?parent=4626"}],"curies":[{"name":"wp","href":"https:\/\/api.w.org\/{rel}","templated":true}]}}