{"id":4426,"date":"2018-02-08T12:13:55","date_gmt":"2018-02-08T10:13:55","guid":{"rendered":"http:\/\/www.jazsemgong.com\/jazsemgong\/gong\/ita\/?page_id=4426"},"modified":"2018-02-08T12:19:57","modified_gmt":"2018-02-08T10:19:57","slug":"test","status":"publish","type":"page","link":"http:\/\/www.jazsemgong.com\/jazsemgong\/gong\/ita\/audio\/test\/","title":{"rendered":"Om Namah Shivaya"},"content":{"rendered":"<p class=\"audioplayer_container\"><span style=\"display:block;padding:5px;border:1px solid #dddddd;background:#f8f8f8\" id=\"audioplayer_1\">Audio clip: Adobe Flash Player (version 9 or above) is required to play this audio clip. Download the latest version <a href=\"http:\/\/www.adobe.com\/shockwave\/download\/download.cgi?P1_Prod_Version=ShockwaveFlash&amp;promoid=BIOW\" title=\"Download Adobe Flash Player\">here<\/a>. You also need to have JavaScript enabled in your browser.<\/span><\/p>\n<p><script type=\"text\/javascript\">AudioPlayer.embed(\"audioplayer_1\", {soundFile:\"aHR0cDovL3d3dy5qYXpzZW1nb25nLmNvbS9qYXpzZW1nb25nL2dvbmcvZ29uZy93cC1jb250ZW50L3VwbG9hZHMvMjAxOC8wMi9PbS1OYW1haC1TaGl2YXlhLUNobG8lQzMlQUItR29vZGNoaWxkLm1wMw\"});<\/script><\/p>\n<h3><strong>Questo \u00e8 uno dei mantra pi\u00f9 celebri e recitati, ed \u00e8 il mantra shivaita per eccellenza dell&#8217;Induismo. Questa formula sacra sanscrita ha diversi significati; essa si appella a Dio in quanto a \u015aiva, un aspetto di \u012a\u015bvara(l&#8217;aspetto personale di Dio) e pu\u00f2 essere tradotta come &#8220;Signore, sia fatta la Tua volont\u00e0&#8221;, oppure &#8220;Mi arrendo a Te, Dio&#8221;, oppure \u201cMi inchino a Shiva\u201d \u00c8 considerato uno dei mantra pi\u00f9 completi e potenti.<\/strong><\/h3>\n<h3><strong>Ma c&#8217;\u00e8 dell&#8217;altro:\u00a0Ripetendo NA MA SHI VA YA possiamo iniziare a capire il potere della natura che \u00e8 splendidamente espressa nella tradizione indiana. Quel potere inizia con\u00a0la sillaba sacra OM.<\/strong><\/h3>\n<h3><strong>\u00a0<\/strong><\/h3>\n<h3><strong>In\u00a0alcune\u00a0scritture\u00a0indiane, uno dei nomi di Dio \u00e8 NAMA SHIVAYA.<\/strong><\/h3>\n<h3><strong>NA \u2013 1. Chakra, l&#8217;elemento terra.<\/strong><\/h3>\n<h3><strong>MA \u2013 2. Chakra, l&#8217;elemento acqua.<\/strong><\/h3>\n<h3><strong>SHI \u2013 3. Chakra, rappresenta il fuoco.<\/strong><\/h3>\n<h3><strong>VA \u2013 4. Chakra, rappresenta l&#8217;aria.<\/strong><\/h3>\n<h3><strong>YA \u2013 5. 6. E 7. Chakra rappresenta lo spazio o etere.<\/strong><\/h3>\n<h3><strong>\u00a0<\/strong><\/h3>\n<h3><strong>Questi cinque elementi sono Dio,la creazione di Dio. Senza questi elementi, nulla: n\u00e9 il mondo, n\u00e9 l&#8217;uomo pu\u00f2 esistere. Ecco perch\u00e9 sono cos\u00ec importanti.<\/strong><\/h3>\n<h3><strong>I dibattiti accademici e\/o la lettura delle Scritture non hanno alcun valore se non si capiscono queste cinque sillabe NA MA SI VA YA. Se si capiscono completamente allora si capisce e percepisce la potenza di Dio. Con la loro comprensione, si bevono le qualit\u00e0 di questi cinque elementi e si raggiungere il loro potere.<\/strong><\/h3>\n<h3><strong>Om-Namah-Shivaya \u00e8 sempre un mantra indiano, \u00e8 una supplica alla divinit\u00e0 Shiva che rappresenta il terzo aspetto, la distruzione. Invochiamo questo mantra per porre fine al nostro egoismo e al nostro senso di separazione; \u00e8 importante perch\u00e9 indica anche una caratteristica del Signore che, pur amandoci, alle volte ci fa soffrire. Questa sofferenza non deve essere vista come una punizione, ma come un campanello d\u2019allarme per indicare che non stiamo percorrendo il giusto cammino.<\/strong><\/h3>\n<h3><strong>Cantando questo mantra unisce livelli diversi del nostro essere e risveglia la qualit\u00e0 di Shiva in noi. Cosi la mente si fonde con il silenzio, che \u00e8 una buona preparazione per il bagno di suono.<\/strong><\/h3>\n<h3><strong>\u00a0<\/strong><\/h3>\n<h3><\/h3>\n<h3><\/h3>\n","protected":false},"excerpt":{"rendered":"<p>&#8220;Om Namah Shivaya&#8221; Questo \u00e8 uno dei mantra pi\u00f9 celebri e recitati, ed \u00e8 il mantra shivaita per eccellenza dell&#8217;Induismo. Questa formula sacra sanscrita ha diversi significati; essa si appella a Dio in quanto a \u015aiva, un aspetto di \u012a\u015bvara(l&#8217;aspetto personale di Dio) e pu\u00f2 essere tradotta come &#8220;Signore, sia fatta la Tua volont\u00e0&#8221;, oppure [&hellip;]<\/p>\n","protected":false},"author":1,"featured_media":0,"parent":3078,"menu_order":0,"comment_status":"closed","ping_status":"open","template":"","meta":[],"_links":{"self":[{"href":"http:\/\/www.jazsemgong.com\/jazsemgong\/gong\/ita\/wp-json\/wp\/v2\/pages\/4426"}],"collection":[{"href":"http:\/\/www.jazsemgong.com\/jazsemgong\/gong\/ita\/wp-json\/wp\/v2\/pages"}],"about":[{"href":"http:\/\/www.jazsemgong.com\/jazsemgong\/gong\/ita\/wp-json\/wp\/v2\/types\/page"}],"author":[{"embeddable":true,"href":"http:\/\/www.jazsemgong.com\/jazsemgong\/gong\/ita\/wp-json\/wp\/v2\/users\/1"}],"replies":[{"embeddable":true,"href":"http:\/\/www.jazsemgong.com\/jazsemgong\/gong\/ita\/wp-json\/wp\/v2\/comments?post=4426"}],"version-history":[{"count":4,"href":"http:\/\/www.jazsemgong.com\/jazsemgong\/gong\/ita\/wp-json\/wp\/v2\/pages\/4426\/revisions"}],"predecessor-version":[{"id":4431,"href":"http:\/\/www.jazsemgong.com\/jazsemgong\/gong\/ita\/wp-json\/wp\/v2\/pages\/4426\/revisions\/4431"}],"up":[{"embeddable":true,"href":"http:\/\/www.jazsemgong.com\/jazsemgong\/gong\/ita\/wp-json\/wp\/v2\/pages\/3078"}],"wp:attachment":[{"href":"http:\/\/www.jazsemgong.com\/jazsemgong\/gong\/ita\/wp-json\/wp\/v2\/media?parent=4426"}],"curies":[{"name":"wp","href":"https:\/\/api.w.org\/{rel}","templated":true}]}}