{"id":4367,"date":"2018-01-07T21:06:47","date_gmt":"2018-01-07T19:06:47","guid":{"rendered":"http:\/\/www.jazsemgong.com\/jazsemgong\/gong\/ita\/?page_id=4367"},"modified":"2018-02-03T21:04:04","modified_gmt":"2018-02-03T19:04:04","slug":"aurograf","status":"publish","type":"page","link":"http:\/\/www.jazsemgong.com\/jazsemgong\/gong\/ita\/delovanje-gongov\/aurograf\/","title":{"rendered":"Aurograf"},"content":{"rendered":"<h3 style=\"text-align: right;\">\u00a07.1.2018<\/h3>\n<h3><img decoding=\"async\" loading=\"lazy\" class=\"aligncenter size-medium wp-image-4373\" src=\"http:\/\/www.jazsemgong.com\/jazsemgong\/gong\/ita\/wp-content\/uploads\/Senza-titolo-1-300x198.jpg\" alt=\"Senza-titolo-1\" width=\"300\" height=\"198\" srcset=\"http:\/\/www.jazsemgong.com\/jazsemgong\/gong\/ita\/wp-content\/uploads\/Senza-titolo-1-300x198.jpg 300w, http:\/\/www.jazsemgong.com\/jazsemgong\/gong\/ita\/wp-content\/uploads\/Senza-titolo-1.jpg 400w\" sizes=\"(max-width: 300px) 100vw, 300px\" \/><\/h3>\n<h3>Care Sorelle e Fratelli del Suono Sacro\u2026<\/h3>\n<h3>E con un immenso piacere che vi comunico che su alcuni Bagni di Suoni ci sar\u00e0 la mia amica Darja da Lubiana che con il suo misuratore del campo energetico misurer\u00e0 il vostro stato fisico, emozionale e mentale prima e dopo il bagno di Suoni. Cosi avrete modo di sapere cosa avete fatto con il suono e con i vostri pensieri\/intenti.<\/h3>\n<h3>Con Daria e un altro nostro amico (Mark) lavoriamo insieme da quasi un anno con l\u2019intenzione di migliorare le prestazioni di questi strumenti. Perch\u00e9? Perch\u00e9 quello che si ottiene con il Bagno di Suoni dipende da molte cose, ma minimo da queste cinque:<\/h3>\n<h3>1. Il posto, la sala\u2026<\/h3>\n<h3>2. Il numero di persone presenti, pi\u00f9 di 50 non e consigliabile<\/h3>\n<h3>3. Il mio intento<\/h3>\n<h3>4. Il vostro intento<\/h3>\n<h3>5. L\u2019energia o l\u2019intent\u00f2 con il quale e stato fatto ogni strumento con il quale si suona<\/h3>\n<h3>Sulle prime quattro cose si pu\u00f2 influire, sulla quinta invece ci si deve lavorare. Perch\u00e9 per esempio i Gong della Paiste, anche se sono i pi\u00f9 conosciuti e cari e anche se sono intonati sulla stessa frequenza di un pianeta (che per me non e reale) non tutti danno lo stesso risultato. Ed e proprio qua che entra in gioco Darja e il Mio amico Mark, perch\u00e9 grazie alla loro sensibilit\u00e0, professionalit\u00e0 in questo campo e grazie al misuratore del campo energetico lavoriamo per migliorare le prestazioni dei strumenti Sacri. Questo dispositivo (Aurograf) e capace di notare i cambiamenti nei nostri corpi dopo un minuto o due e in base a questo sono gi\u00e0 stati fatti miglioramenti su alcuni dei mie strumenti. Dico alcuni perch\u00e9 ci vorr\u00e0 ancora del tempo dato che i strumenti non sono pochi.<\/h3>\n<h3>Oggi, vedendo cosa pu\u00f2 fare Darja con il suo misuratore ho deciso di dare anche a voi la possibilit\u00e0 di migliorare il vostro stato fisico, emozionale, mentale e alla fine anche eterico.<\/h3>\n<h3>Come? Prima del Bagno, mentre io sto montando i strumenti Darja con il suo compagno Iztok (che parla la lingua IT) misurer\u00e0 il vostro stato. E lo stesso si far\u00e0 anche dopo il Bagno.<\/h3>\n<h3>Il contributo per il Bagno rimane lo stesso (15 \u20ac) per la misurazione invece a Darja darete un contributo libero.<\/h3>\n<h3>Siccome il tempo per la misurazione e limitato bisogna prenotare e la misurazione la potranno fare solo quelli che vengono al Bagno.<\/h3>\n<h3>Per quelli che invece lo vorranno fare separatamente ci metteremo d\u2019accordo trovando un posto in e un&#8217;altra data\/ora.<\/h3>\n<p><img decoding=\"async\" loading=\"lazy\" class=\"aligncenter wp-image-4374\" src=\"http:\/\/www.jazsemgong.com\/jazsemgong\/gong\/ita\/wp-content\/uploads\/image-1024x565.png\" alt=\"image\" width=\"650\" height=\"359\" srcset=\"http:\/\/www.jazsemgong.com\/jazsemgong\/gong\/ita\/wp-content\/uploads\/image-1024x565.png 1024w, http:\/\/www.jazsemgong.com\/jazsemgong\/gong\/ita\/wp-content\/uploads\/image-300x165.png 300w, http:\/\/www.jazsemgong.com\/jazsemgong\/gong\/ita\/wp-content\/uploads\/image.png 1680w\" sizes=\"(max-width: 650px) 100vw, 650px\" \/><\/p>\n<p><img decoding=\"async\" loading=\"lazy\" class=\"aligncenter size-thumbnail wp-image-4264\" src=\"http:\/\/www.jazsemgong.com\/jazsemgong\/gong\/ita\/wp-content\/uploads\/IN-LESEN-Z-BELIM-OZADJEM-3-300X1201-150x121.jpg\" alt=\"IN-LESEN-Z-BELIM-OZADJEM-3-300X120\" width=\"150\" height=\"121\" \/><\/p>\n<h3 style=\"text-align: right;\">21.1.2018<\/h3>\n<h3 style=\"text-align: center;\">Per vedere i risultati che sono stati fatti prima e dopo i Bagni di Suoni in gennaio 2018 cliccate sulla foto sotto.<\/h3>\n<p><a href=\"https:\/\/photos.app.goo.gl\/TOYg5HsANRPBaJLl1\" target=\"_blank\"><img decoding=\"async\" loading=\"lazy\" class=\"aligncenter wp-image-4390 size-medium\" src=\"http:\/\/www.jazsemgong.com\/jazsemgong\/gong\/ita\/wp-content\/uploads\/1A-oseba-pred-kopeljo-300x167.jpg\" alt=\"1A oseba pred kopeljo\" width=\"300\" height=\"167\" srcset=\"http:\/\/www.jazsemgong.com\/jazsemgong\/gong\/ita\/wp-content\/uploads\/1A-oseba-pred-kopeljo-300x167.jpg 300w, http:\/\/www.jazsemgong.com\/jazsemgong\/gong\/ita\/wp-content\/uploads\/1A-oseba-pred-kopeljo-1024x570.jpg 1024w, http:\/\/www.jazsemgong.com\/jazsemgong\/gong\/ita\/wp-content\/uploads\/1A-oseba-pred-kopeljo.jpg 1680w\" sizes=\"(max-width: 300px) 100vw, 300px\" \/><\/a><\/p>\n<p style=\"text-align: center;\"><img decoding=\"async\" loading=\"lazy\" class=\"aligncenter size-thumbnail wp-image-4264\" src=\"http:\/\/www.jazsemgong.com\/jazsemgong\/gong\/ita\/wp-content\/uploads\/IN-LESEN-Z-BELIM-OZADJEM-3-300X1201-150x121.jpg\" alt=\"IN-LESEN-Z-BELIM-OZADJEM-3-300X120\" width=\"150\" height=\"121\" \/><\/p>\n<h3>Chi e Darja Me\u017ean?<\/h3>\n<p><a href=\"http:\/\/srediscezdravja.si\/\" target=\"_blank\">http:\/\/srediscezdravja.si\/<\/a><\/p>\n<h3>Aurograf &#8211; misuratore del campo energetico per la diagnosi precoce della malattia<\/h3>\n<h3>Misuratore del campo energetico \u00e8 un dispositivo che, sulla base dei punti riflessi delle mani mostra il funzionamento dei nostri chakra, del nostro corpo energetico \u2013 corpo Aurico e dei 43 organi interni e parti del corpo. A terapista di guarigione naturale Darja Me\u017ean da Lubiana, che ha uno studio pluriennale di diagnostica karmica e medicina tradizionale cinese, serve come uno strumento diagnostico indispensabile. Con questo dispositivo e con la sua intuizione scopre nelle prime fasi gli eventuali squilibri e punti deboli nel corpo e nella coscienza.<\/h3>\n<h3>Qual \u00e8 il legame tra le aree sulle mani e gli organi interni?<\/h3>\n<h3>Quando la mano sinistra viene posizionata sul dispositivo, questo attraverso punti riflessi mostra tre animazioni dinamiche: lo stato di energia del corpo e la mente, il funzionamento dei sette chakra e il funzionamento degli organi interni e parti del corpo. Il dispositivo misura la resistenza della pelle nelle zone riflesse delle mani. Quando cambia l&#8217;energia del corpo cambia anche la resistenza della pelle. Aurograf consente di identificare lo stato di salute di un organo specifico. Riconoscere la debolezza precoce di energia o una tendenza verso l&#8217;infiammazione.<\/h3>\n<h3>Come giudichi la vitalit\u00e0 delle singole scansioni?<\/h3>\n<h3>Una curva rettilinea, che avviene a livello equilibrato e non mostra alcuna variazione, dimostra l&#8217;armonia e la stabilit\u00e0 interna. Le occasionali deboli fluttuazioni del rapporto di piccola ampiezza indicano un&#8217;elevata sensibilit\u00e0, dove nonostante le situazioni stressanti e ancora disponibile la potenza vitale sufficiente. Ampiezze maggiori, fluttuazioni forti invece mostrano una situazione energetica instabile. L&#8217;energia vitale disponibile non \u00e8 sufficiente per il controllo continuo di situazioni stressanti \u2013 l\u2019organismo assorbire l\u2019energia degli altri organi. Tutta la forza vitale pertanto diminuisce.<\/h3>\n<h3>Cosa Aurograf rivela circa lo stato di spirito e la mente?<\/h3>\n<h3>Cambiando i pensieri, consciamente in inconsciamente cambia anche la resistenza della pelle. Ad esempio, ci\u00f2 significa che la rabbia modifica il flusso di energia nel meridiano del fegato e di conseguenza, la condizione del fegato stesso. Con una presenza costante di rabbia o collera si pu\u00f2 sviluppare una malattia, ad esempio, epatite. Ogni minimo cambiamento dello stato di energia della mente causa un cambiamento di azione in zone riflesse. Ad esempio la paura, altera, fa danni, o cattive condizioni della vescica e dei reni, che possono portare a una infiammazione della vescica.<\/h3>\n<h3>Che cosa fa illustrare i colori?<\/h3>\n<h3>Stato d&#8217;animo pu\u00f2 essere osservato con l&#8217;aiuto di immagini del aura di Aurograf. Le infiammazioni spesso sono mostrate in rosso, le reazioni immuni nel giallo, l&#8217;esaurimento e la depressione in grigio. I colori intorno la testa rappresentano l&#8217;energia dal cervello e mostrano come una persona pensa e suo attuale stato d&#8217;animo. Colore verde turchese \u00e8 il colore dell&#8217;armonia ottima. Dove, all&#8217;interno dell&#8217;area stessa un organo riflette l&#8217;alto, altri al basso livello di energia, i risultati di solito appaiono come una tensione o dolore. Equilibrio in queste aree \u00e8 possibile ripristinare con la consapevolezza ed il trattamento. Ad esempio, in un corpo debole aggiungere energia attraverso il suono.<\/h3>\n<h3>Quali sono i principali vantaggi del dispositivo (Aurograf) se confrontato con dispositivi diagnostici simili per l&#8217;area terapeutica?<\/h3>\n<h3>Dispositivo non ha praticamente alcun impatto sul funzionamento del sistema energetico del corpo.\u00a0 Una serie di opportunit\u00e0 offrono una presentazione veloce e dettagliata dello stato energetico degli organi e parti del corpo sul metodo scientifico.<\/h3>\n<h3>E possibile con il dispositivo misurare quanto ci aiutano anche altre sostanze, farmaci, cibo, accessori vari, cristalli, suoni \u2026?<\/h3>\n<h3>Perch\u00e9 siamo unici, speciali, su di noi tutte le cose (integratori alimentari, prodotti personali, ecc.) agiscono in modo completamente diverso. Una cosa a una persona pu\u00f2 portare benefici, a un&#8217;altra persona pu\u00f2 anche causare danni. Questo test si fa semplicemente dando la mano sinistra sul Aurograf, mentre nella mano destra teniamo il prodotto che si desidera testare. Dopo uno o due minuti della misurazione si notano le reazioni su organi e parti del corpo.<\/h3>\n<h3>In questo modo si pu\u00f2 misurare anche su che parte del corpo lavorano le vibrazioni dei Gong e altri strumenti.<\/h3>\n<h3><\/h3>\n<h3><\/h3>\n","protected":false},"excerpt":{"rendered":"<p>\u00a07.1.2018 Care Sorelle e Fratelli del Suono Sacro\u2026 E con un immenso piacere che vi comunico che su alcuni Bagni di Suoni ci sar\u00e0 la mia amica Darja da Lubiana che con il suo misuratore del campo energetico misurer\u00e0 il vostro stato fisico, emozionale e mentale prima e dopo il bagno di Suoni. Cosi avrete [&hellip;]<\/p>\n","protected":false},"author":1,"featured_media":0,"parent":5,"menu_order":2,"comment_status":"closed","ping_status":"open","template":"","meta":[],"_links":{"self":[{"href":"http:\/\/www.jazsemgong.com\/jazsemgong\/gong\/ita\/wp-json\/wp\/v2\/pages\/4367"}],"collection":[{"href":"http:\/\/www.jazsemgong.com\/jazsemgong\/gong\/ita\/wp-json\/wp\/v2\/pages"}],"about":[{"href":"http:\/\/www.jazsemgong.com\/jazsemgong\/gong\/ita\/wp-json\/wp\/v2\/types\/page"}],"author":[{"embeddable":true,"href":"http:\/\/www.jazsemgong.com\/jazsemgong\/gong\/ita\/wp-json\/wp\/v2\/users\/1"}],"replies":[{"embeddable":true,"href":"http:\/\/www.jazsemgong.com\/jazsemgong\/gong\/ita\/wp-json\/wp\/v2\/comments?post=4367"}],"version-history":[{"count":8,"href":"http:\/\/www.jazsemgong.com\/jazsemgong\/gong\/ita\/wp-json\/wp\/v2\/pages\/4367\/revisions"}],"predecessor-version":[{"id":4391,"href":"http:\/\/www.jazsemgong.com\/jazsemgong\/gong\/ita\/wp-json\/wp\/v2\/pages\/4367\/revisions\/4391"}],"up":[{"embeddable":true,"href":"http:\/\/www.jazsemgong.com\/jazsemgong\/gong\/ita\/wp-json\/wp\/v2\/pages\/5"}],"wp:attachment":[{"href":"http:\/\/www.jazsemgong.com\/jazsemgong\/gong\/ita\/wp-json\/wp\/v2\/media?parent=4367"}],"curies":[{"name":"wp","href":"https:\/\/api.w.org\/{rel}","templated":true}]}}